{"id":13949,"date":"2022-05-14T22:20:13","date_gmt":"2022-05-14T22:20:13","guid":{"rendered":"https:\/\/beykozlurizeliler.org\/?page_id=13949"},"modified":"2025-02-23T13:16:36","modified_gmt":"2025-02-23T13:16:36","slug":"foto-galeri","status":"publish","type":"page","link":"https:\/\/beykozlurizeliler.org\/?page_id=13949","title":{"rendered":"Foto Galeri"},"content":{"rendered":"<p>[vc_row gap=&#8221;0&#8243; content_placement=&#8221;middle&#8221; css=&#8221;.vc_custom_1531480909065{padding-top: 96px !important;}&#8221;][vc_column offset=&#8221;vc_col-lg-6 vc_col-md-8 vc_col-xs-12&#8243;]<h6 class=\"et-highlight-title \" style=\"font-size:12px;font-weight:700;line-height:24px;letter-spacing:0.5px;color:#9a9a9a;\" data-mobile-font=\"inherit\" data-tablet-font=\"inherit\"><span class=\"title-inner\">BEYKOZLU R\u0130ZEL\u0130LER DERNE\u011e\u0130<span class=\"highlight-line\" style=\"background-color:#fd8c40;\"><\/span><\/span><\/h6>[vc_custom_heading text=&#8221;Foto Galeri&#8221; font_container=&#8221;tag:h3|font_size:48px|text_align:left|line_height:56px&#8221; use_theme_fonts=&#8221;yes&#8221; mobile_font_size=&#8221;32px&#8221; css=&#8221;.vc_custom_1740316566953{margin-bottom: 0px !important;}&#8221;]<div class=\"gap et-clearfix \" style=\"height:32px\"><\/div><div class=\"sep-wrap left   et-clearfix\" data-delay=\"0\"><div class=\"et-separator solid\" style=\"height:2px;width:100%;border-bottom-width:2px;border-bottom-style:solid;border-bottom-color:#e0e0e0;\"><\/div><\/div>[\/vc_column][vc_column offset=&#8221;vc_col-lg-6 vc_col-md-4 vc_hidden-md vc_hidden-sm vc_col-xs-12 vc_hidden-xs&#8221;][\/vc_column][\/vc_row][vc_row gap=&#8221;0&#8243; css=&#8221;.vc_custom_1531125404448{padding-top: 72px !important;padding-bottom: 96px !important;}&#8221;][vc_column animation_delay=&#8221;0&#8243; css_animation=&#8221;none&#8221;]<div class=\"et-plain-gallery-wrapper\"><style>#plain-gallery-1{margin-left:-2px;margin-right:-2px;}#plain-gallery-1 .et-item {padding-left:2px;padding-right:2px;padding-bottom:4px}<\/style><div id=\"plain-gallery-1\" data-columns=\"3\" class=\"plain-gallery loop-gallery gallery-type-grid effect-type-random effect-moveUp overlay-fade-zoom-extreme et-item-set et-clearfix\"><div class=\"et-item gallery\"><div class=\"et-item-inner et-clearfix\"><div class=\"overlay-hover\"><div class=\"image-container\"><img loading=\"lazy\" decoding=\"async\" width=\"870\" height=\"870\" src=\"https:\/\/beykozlurizeliler.org\/wp-content\/uploads\/2018\/06\/blog_masonry1.jpg\" alt=\"\"><\/div><div class=\"post-image-overlay\"><a class=\"overlay-read-more\" title=\"\" data-lightbox-gallery=\"gallery-image1\" href=\"https:\/\/beykozlurizeliler.org\/wp-content\/uploads\/2018\/06\/blog_masonry1.jpg\"><\/a><\/div><\/div><\/div><\/div><div class=\"et-item gallery\"><div class=\"et-item-inner et-clearfix\"><div class=\"overlay-hover\"><div class=\"image-container\"><img loading=\"lazy\" decoding=\"async\" width=\"870\" height=\"1305\" src=\"https:\/\/beykozlurizeliler.org\/wp-content\/uploads\/2018\/06\/blog_masonry2.jpg\" alt=\"\"><\/div><div class=\"post-image-overlay\"><a class=\"overlay-read-more\" title=\"\" data-lightbox-gallery=\"gallery-image1\" href=\"https:\/\/beykozlurizeliler.org\/wp-content\/uploads\/2018\/06\/blog_masonry2.jpg\"><\/a><\/div><\/div><\/div><\/div><div class=\"et-item gallery\"><div class=\"et-item-inner et-clearfix\"><div class=\"overlay-hover\"><div class=\"image-container\"><img loading=\"lazy\" decoding=\"async\" width=\"870\" height=\"870\" src=\"https:\/\/beykozlurizeliler.org\/wp-content\/uploads\/2018\/06\/blog_masonry3.jpg\" alt=\"\"><\/div><div class=\"post-image-overlay\"><a class=\"overlay-read-more\" title=\"\" data-lightbox-gallery=\"gallery-image1\" href=\"https:\/\/beykozlurizeliler.org\/wp-content\/uploads\/2018\/06\/blog_masonry3.jpg\"><\/a><\/div><\/div><\/div><\/div><div class=\"et-item gallery\"><div class=\"et-item-inner et-clearfix\"><div class=\"overlay-hover\"><div class=\"image-container\"><img loading=\"lazy\" decoding=\"async\" width=\"870\" height=\"870\" src=\"https:\/\/beykozlurizeliler.org\/wp-content\/uploads\/2018\/06\/blog_masonry5.jpg\" alt=\"\"><\/div><div class=\"post-image-overlay\"><a class=\"overlay-read-more\" title=\"\" data-lightbox-gallery=\"gallery-image1\" href=\"https:\/\/beykozlurizeliler.org\/wp-content\/uploads\/2018\/06\/blog_masonry5.jpg\"><\/a><\/div><\/div><\/div><\/div><div class=\"et-item gallery\"><div class=\"et-item-inner et-clearfix\"><div class=\"overlay-hover\"><div class=\"image-container\"><img loading=\"lazy\" decoding=\"async\" width=\"870\" height=\"1305\" src=\"https:\/\/beykozlurizeliler.org\/wp-content\/uploads\/2018\/06\/blog_masonry6.jpg\" alt=\"\"><\/div><div class=\"post-image-overlay\"><a class=\"overlay-read-more\" title=\"\" data-lightbox-gallery=\"gallery-image1\" href=\"https:\/\/beykozlurizeliler.org\/wp-content\/uploads\/2018\/06\/blog_masonry6.jpg\"><\/a><\/div><\/div><\/div><\/div><div class=\"et-item gallery\"><div class=\"et-item-inner et-clearfix\"><div class=\"overlay-hover\"><div class=\"image-container\"><img loading=\"lazy\" decoding=\"async\" width=\"870\" height=\"870\" src=\"https:\/\/beykozlurizeliler.org\/wp-content\/uploads\/2018\/06\/blog_masonry8.jpg\" alt=\"\"><\/div><div class=\"post-image-overlay\"><a class=\"overlay-read-more\" title=\"\" data-lightbox-gallery=\"gallery-image1\" href=\"https:\/\/beykozlurizeliler.org\/wp-content\/uploads\/2018\/06\/blog_masonry8.jpg\"><\/a><\/div><\/div><\/div><\/div><div class=\"et-item gallery\"><div class=\"et-item-inner et-clearfix\"><div class=\"overlay-hover\"><div class=\"image-container\"><img loading=\"lazy\" decoding=\"async\" width=\"870\" height=\"1305\" src=\"https:\/\/beykozlurizeliler.org\/wp-content\/uploads\/2018\/06\/blog_masonry4.jpg\" alt=\"\"><\/div><div class=\"post-image-overlay\"><a class=\"overlay-read-more\" title=\"\" data-lightbox-gallery=\"gallery-image1\" href=\"https:\/\/beykozlurizeliler.org\/wp-content\/uploads\/2018\/06\/blog_masonry4.jpg\"><\/a><\/div><\/div><\/div><\/div><div class=\"et-item gallery\"><div class=\"et-item-inner et-clearfix\"><div class=\"overlay-hover\"><div class=\"image-container\"><img loading=\"lazy\" decoding=\"async\" width=\"870\" height=\"870\" src=\"https:\/\/beykozlurizeliler.org\/wp-content\/uploads\/2018\/06\/blog_masonry9.jpg\" alt=\"\"><\/div><div class=\"post-image-overlay\"><a class=\"overlay-read-more\" title=\"\" data-lightbox-gallery=\"gallery-image1\" href=\"https:\/\/beykozlurizeliler.org\/wp-content\/uploads\/2018\/06\/blog_masonry9.jpg\"><\/a><\/div><\/div><\/div><\/div><div class=\"et-item gallery\"><div class=\"et-item-inner et-clearfix\"><div class=\"overlay-hover\"><div class=\"image-container\"><img loading=\"lazy\" decoding=\"async\" width=\"870\" height=\"870\" src=\"https:\/\/beykozlurizeliler.org\/wp-content\/uploads\/2018\/06\/blog_masonry11.jpg\" alt=\"\"><\/div><div class=\"post-image-overlay\"><a class=\"overlay-read-more\" title=\"\" data-lightbox-gallery=\"gallery-image1\" href=\"https:\/\/beykozlurizeliler.org\/wp-content\/uploads\/2018\/06\/blog_masonry11.jpg\"><\/a><\/div><\/div><\/div><\/div><\/div><\/div>[\/vc_column][\/vc_row]<\/p>\n","protected":false},"excerpt":{"rendered":"<p>Leverage agile frameworks to provide a robust synopsis for high level overviews. Iterative approaches to corporate strategy foster collaborative thinking to further the overall value proposition. Organically grow the holistic world view of disruptive innovation via workplace diversity and empowerment.<\/p>\n","protected":false},"author":1,"featured_media":0,"parent":0,"menu_order":0,"comment_status":"closed","ping_status":"closed","template":"page-vc.php","meta":{"footnotes":""},"class_list":["post-13949","page","type-page","status-publish","hentry"],"_links":{"self":[{"href":"https:\/\/beykozlurizeliler.org\/index.php?rest_route=\/wp\/v2\/pages\/13949","targetHints":{"allow":["GET"]}}],"collection":[{"href":"https:\/\/beykozlurizeliler.org\/index.php?rest_route=\/wp\/v2\/pages"}],"about":[{"href":"https:\/\/beykozlurizeliler.org\/index.php?rest_route=\/wp\/v2\/types\/page"}],"author":[{"embeddable":true,"href":"https:\/\/beykozlurizeliler.org\/index.php?rest_route=\/wp\/v2\/users\/1"}],"replies":[{"embeddable":true,"href":"https:\/\/beykozlurizeliler.org\/index.php?rest_route=%2Fwp%2Fv2%2Fcomments&post=13949"}],"version-history":[{"count":4,"href":"https:\/\/beykozlurizeliler.org\/index.php?rest_route=\/wp\/v2\/pages\/13949\/revisions"}],"predecessor-version":[{"id":14094,"href":"https:\/\/beykozlurizeliler.org\/index.php?rest_route=\/wp\/v2\/pages\/13949\/revisions\/14094"}],"wp:attachment":[{"href":"https:\/\/beykozlurizeliler.org\/index.php?rest_route=%2Fwp%2Fv2%2Fmedia&parent=13949"}],"curies":[{"name":"wp","href":"https:\/\/api.w.org\/{rel}","templated":true}]}}