{"id":3389,"date":"2018-02-20T10:47:49","date_gmt":"2018-02-20T10:47:49","guid":{"rendered":"https:\/\/enovathemes.com\/globax\/?page_id=3389"},"modified":"2025-02-23T13:55:47","modified_gmt":"2025-02-23T13:55:47","slug":"home","status":"publish","type":"page","link":"https:\/\/beykozlurizeliler.org\/","title":{"rendered":"Anasayfa"},"content":{"rendered":"<p>[vc_section][\/vc_section][vc_row gap=&#8221;40&#8243; css=&#8221;.vc_custom_1531831275731{padding-top: 56px !important;padding-bottom: 48px !important;}&#8221;][vc_column animation_delay=&#8221;150&#8243; css_animation=&#8221;left-to-right&#8221; over768_under_1024_padding_left=&#8221;15%&#8221; over768_under_1024_padding_right=&#8221;15%&#8221; offset=&#8221;vc_col-lg-6 vc_col-md-6 vc_col-xs-12&#8243; el_class=&#8221;text767-align-center&#8221;][vc_custom_heading text=&#8221;SOSYAL SORUMLULUK PROJELER\u0130&#8221; font_container=&#8221;tag:div|font_size:18px|text_align:center|color:%23ffffff|line_height:32px&#8221; google_fonts=&#8221;font_family:Montserrat%3Aregular%2C700|font_style:700%20bold%20regular%3A700%3Anormal&#8221; css=&#8221;.vc_custom_1740318854480{margin-left: 72px !important;padding-top: 8px !important;padding-right: 16px !important;padding-bottom: 8px !important;padding-left: 16px !important;background-color: #1f7e00 !important;}&#8221; el_class=&#8221;heading-display-inline-block&#8221;]<div class=\"gap et-clearfix \" style=\"height:48px\"><\/div><div class=\"et-content-box-wrapper\"><style>#et-content-box-1 .et-icon-wrap {border-radius:500px;}<\/style><div id=\"et-content-box-1\" class=\"et-content-box et-item-set et-clearfix hover-none small icon-position-left icon-alignment-left effect-type-sequential effect-none\" data-columns=\"1\"><div class=\"box-item-wrapper et-item et-box-item\"><style>#box-item-1 .et-icon-wrap {box-shadow:inset 0 0 0 4px #1f7e00;}#box-item-1 .et-icon-wrap > .et-icon {color:#1f7e00;}#box-item-1:hover .et-icon-wrap {box-shadow:inset 0 0 0 4px #212121;}#box-item-1:hover .et-icon-wrap > .et-icon {color:#212121;}<\/style><div id=\"box-item-1\"  class=\"box-item-inner et-item-inner\"><div class=\"box-item-content-wrapper et-clearfix\"><div class=\"et-icon-wrap full\"><span class=\"box-hover\" style=\"width:calc(100% - 8px);height:calc(100% - 8px);\" ><\/span><span class=\"glint\" style=\"background-color:#212121;\"><\/span><span class=\"et-icon fa fa-check\"><\/span><\/div><div class=\"clearfix\"><\/div><div class=\"box-item-content et-clearfix\">[vc_custom_heading text=&#8221;\u00c7evreye Duyarl\u0131 Bir Toplum \u0130\u00e7in Ye\u015fil Projeler&#8221; font_container=&#8221;tag:h6|font_size:18px|text_align:left|color:%23212121|line_height:32px&#8221; use_theme_fonts=&#8221;yes&#8221; css=&#8221;.vc_custom_1740314381630{margin-bottom: 8px !important;}&#8221;][vc_custom_heading text=&#8221;Karadeniz\u2019in do\u011fal g\u00fczelliklerini koruma bilinciyle hareket eden derne\u011fimiz, Beykoz\u2019da \u00e7evre temizli\u011fi kampanyalar\u0131 d\u00fczenleyerek do\u011faya katk\u0131da bulunuyor.<\/p>\n<p>A\u011fa\u00e7 dikme etkinlikleri, sahil temizli\u011fi projeleri ve geri d\u00f6n\u00fc\u015f\u00fcm fark\u0131ndal\u0131k \u00e7al\u0131\u015fmalar\u0131 ile daha temiz ve s\u00fcrd\u00fcr\u00fclebilir bir \u00e7evre i\u00e7in \u00e7al\u0131\u015f\u0131yoruz.<\/p>\n<p>Do\u011faya sayg\u0131l\u0131 bir ya\u015fam anlay\u0131\u015f\u0131n\u0131 gen\u00e7 nesillere aktarmay\u0131 da \u00f6nceliklerimiz aras\u0131nda g\u00f6r\u00fcyoruz.&#8221; font_container=&#8221;tag:p|font_size:18px|text_align:left|color:%23616161|line_height:32px&#8221; use_theme_fonts=&#8221;yes&#8221;]<\/div><\/div><\/div><\/div><\/div><\/div>[\/vc_column][vc_column animation_delay=&#8221;0&#8243; offset=&#8221;vc_col-lg-6 vc_col-md-6 vc_col-xs-12&#8243;]<h6 class=\"et-highlight-title \" style=\"font-size:12px;font-weight:700;line-height:24px;letter-spacing:0.5px;color:#9a9a9a;\" data-mobile-font=\"inherit\" data-tablet-font=\"inherit\"><span class=\"title-inner\">Kurumsal<span class=\"highlight-line\" style=\"background-color:#1f7e00;\"><\/span><\/span><\/h6><h3 id=\"et-animated-title-1\" class=\"et-animated-title et-clearfix  words-direct\" data-mobile-font=\"32px\" data-tablet-font=\"inherit\" data-delay=\"100\" style=\"font-size:42px;font-weight:700;line-height:50px;color:#212121;\"><span class=\"text-wrapper\"><span class=\"text\">Faaliyetlerimiz<\/span><\/span><\/h3><div class=\"gap et-clearfix \" style=\"height:24px\"><\/div>[vc_column_text]<\/p>\n<p data-pm-slice=\"1 1 [&quot;list&quot;,{&quot;spread&quot;:false,&quot;start&quot;:1054,&quot;end&quot;:1764},&quot;regular_list_item&quot;,{&quot;start&quot;:1054,&quot;end&quot;:1224}]\"><strong>K\u00fclt\u00fcrel Etkinlikler:<\/strong> Rize\u2019nin zengin k\u00fclt\u00fcrel miras\u0131n\u0131 tan\u0131tmak amac\u0131yla festivaller, sergiler, halk oyunlar\u0131 g\u00f6sterileri ve geleneksel yemek g\u00fcnleri d\u00fczenliyoruz.<\/p>\n<p>[\/vc_column_text][vc_column_text]<\/p>\n<p data-pm-slice=\"1 1 [&quot;list&quot;,{&quot;spread&quot;:false,&quot;start&quot;:1054,&quot;end&quot;:1764},&quot;regular_list_item&quot;,{&quot;start&quot;:1225,&quot;end&quot;:1352}]\"><strong>E\u011fitim Destekleri:<\/strong> Ba\u015far\u0131l\u0131 ve ihtiya\u00e7 sahibi \u00f6\u011frencilere burs deste\u011fi sa\u011fl\u0131yor, k\u0131rtasiye ve kitap yard\u0131mlar\u0131 yap\u0131yoruz.<\/p>\n<p>[\/vc_column_text][vc_column_text]<\/p>\n<p data-pm-slice=\"1 1 [&quot;list&quot;,{&quot;spread&quot;:false,&quot;start&quot;:1054,&quot;end&quot;:1764},&quot;regular_list_item&quot;,{&quot;start&quot;:1353,&quot;end&quot;:1488}]\"><strong>Sosyal Yard\u0131m Projeleri:<\/strong> \u0130htiya\u00e7 sahiplerine y\u00f6nelik g\u0131da, k\u0131yafet ve sa\u011fl\u0131k destekleriyle toplumsal dayan\u0131\u015fmay\u0131 g\u00fc\u00e7lendiriyoruz.<\/p>\n<p>[\/vc_column_text][vc_column_text]<\/p>\n<p data-pm-slice=\"1 1 [&quot;list&quot;,{&quot;spread&quot;:false,&quot;start&quot;:1054,&quot;end&quot;:1764},&quot;regular_list_item&quot;,{&quot;start&quot;:1489,&quot;end&quot;:1610}]\"><strong>\u00c7evre ve Do\u011fa Koruma:<\/strong> A\u011fa\u00e7 dikme kampanyalar\u0131, sahil ve do\u011fa temizli\u011fi etkinlikleriyle \u00e7evre bilincini art\u0131r\u0131yoruz.<\/p>\n<p>[\/vc_column_text][vc_column_text]<\/p>\n<p data-pm-slice=\"1 1 [&quot;list&quot;,{&quot;spread&quot;:false,&quot;start&quot;:1054,&quot;end&quot;:1764},&quot;regular_list_item&quot;,{&quot;start&quot;:1611,&quot;end&quot;:1764}]\"><strong>Sa\u011fl\u0131k ve Spor Faaliyetleri:<\/strong> Sa\u011fl\u0131k taramalar\u0131, kan ba\u011f\u0131\u015f\u0131 kampanyalar\u0131 ve spor organizasyonlar\u0131 d\u00fczenleyerek toplum sa\u011fl\u0131\u011f\u0131n\u0131 \u00f6n planda tutuyoruz.<\/p>\n<p>[\/vc_column_text][\/vc_column][\/vc_row][vc_row full_width=&#8221;stretch_row&#8221; gap=&#8221;0&#8243; equal_height=&#8221;yes&#8221; content_placement=&#8221;middle&#8221; css=&#8221;.vc_custom_1740315376831{padding-top: 120px !important;padding-bottom: 120px !important;background: #212121 url(https:\/\/beykozlurizeliler.org\/wp-content\/uploads\/2025\/02\/brk.jpg?id=14079) !important;background-position: center !important;background-repeat: no-repeat !important;background-size: cover !important;}&#8221;][vc_column animation_delay=&#8221;0&#8243; css=&#8221;.vc_custom_1530688354424{padding-top: 0px !important;}&#8221; offset=&#8221;vc_col-lg-6 vc_col-md-6 vc_col-xs-12&#8243;]<div class=\"et-braket-block-wrapper\"><style>#et-braket-block-1 .braket-title {font-size:64px;font-weight:700;line-height:72px;color:#ffffff;}#et-braket-block-1 .braket-sub-title {color:#ffffff;}#et-braket-block-1 .braket-button {color:#ffffff !important;}#et-braket-block-1 .braket-button:hover {color:#ffffff !important;}#et-braket-block-1 .braket-button:before {box-shadow:inset 0 0 0 1px #ffffff;}#et-braket-block-1 .braket-button:after {background-color:#1f7e00;}#et-braket-block-1 .braket > div:first-child,\r\n\t\t\t\t\t\t#et-braket-block-1 .braket > div:last-child,\r\n\t\t\t\t\t\t#et-braket-block-1 .braket > div:nth-child(2) > span  {background-color:#1f7e00;}<\/style><div id=\"et-braket-block-1\" data-delay=\"100\" class=\"et-braket-block left \"><div class=\"braket-block-inner et-clearfix\"><div class=\"braket\"><div><\/div><div><span><\/span><\/div><div><\/div><\/div><div class=\"braket-block-content\"><p class=\"braket-sub-title\">Beykozlu Rizeliler Derne\u011fi<\/p><h3 class=\"braket-title\" data-mobile-font=\"32px\" data-tablet-font=\"inherit\">DERNEK HAKKINDA<\/h3><\/div><\/div><div class=\"braket-block-content text et-clearfix\"><div class=\"et-clearfix braket-block-content-inner\"><p><span style=\"color: #ffffff;\">Beykozlu Rizeliler Derne\u011fi, hem\u015fehri dayan\u0131\u015fmas\u0131n\u0131 g\u00fc\u00e7lendirmek, k\u00fclt\u00fcrel de\u011ferleri ya\u015fatmak ve toplum yarar\u0131na projeler ger\u00e7ekle\u015ftirmek amac\u0131yla kurulmu\u015f k\u00f6kl\u00fc bir sivil toplum kurulu\u015fudur. <\/span><\/div><a href=\"https:\/\/beykozlurizeliler.org\/?page_id=8096\" class=\"et-button medium braket-button stylish-button\">Daha Fazla<\/a><\/div><\/div><\/div>[\/vc_column][vc_column animation_delay=&#8221;0&#8243; width=&#8221;1\/2&#8243; css=&#8221;.vc_custom_1530688372423{padding-top: 0px !important;}&#8221; offset=&#8221;vc_col-lg-6 vc_col-md-6 vc_hidden-sm vc_hidden-xs&#8221;][\/vc_column][\/vc_row][vc_row gap=&#8221;80&#8243; css=&#8221;.vc_custom_1531832833730{padding-top: 64px !important;padding-bottom: 48px !important;}&#8221;][vc_column animation_delay=&#8221;0&#8243; offset=&#8221;vc_col-lg-6 vc_col-md-6 vc_col-xs-12&#8243;]<h6 class=\"et-highlight-title \" style=\"font-size:12px;font-weight:700;line-height:24px;letter-spacing:0.5px;color:#9a9a9a;\" data-mobile-font=\"inherit\" data-tablet-font=\"inherit\"><span class=\"title-inner\">BEYKOZLU R\u0130ZEL\u0130LER DERNE\u011e\u0130<span class=\"highlight-line\" style=\"background-color:#1f7e00;\"><\/span><\/span><\/h6><h3 id=\"et-animated-title-2\" class=\"et-animated-title et-clearfix  words-direct\" data-mobile-font=\"32px\" data-tablet-font=\"inherit\" data-delay=\"100\" style=\"font-size:48px;font-weight:700;line-height:56px;color:#212121;\"><span class=\"text-wrapper\"><span class=\"text\">S\u0131k\u00e7a Sorulan Sorular<\/span><\/span><\/h3><div class=\"gap et-clearfix \" style=\"height:48px\"><\/div><div class=\"et-accordion-wrapper\"><div id=\"et-accordion-1\" class=\"et-accordion et-clearfix collapsible-true\"><div class=\"active  toggle-title et-clearfix\"><h5 class=\"toggle-title-tag\">Beykozlu Rizeliler Derne\u011fi\u2019ne nas\u0131l \u00fcye olabilirim?<\/h5><span class=\"toggle-ind fa fa-plus\"><\/span><\/div> <div id=\"beykozlu-rizeliler-dernegine-nasil-uye-olabilirim-1\" class=\"toggle-content et-clearfix\">[vc_column_text]<\/p>\n<p data-pm-slice=\"1 1 &#091;&#093;\">Beykozlu Rizeliler Derne\u011fi\u2019ne \u00fcye olmak i\u00e7in dernek merkezimize gelerek \u00fcyelik formunu doldurman\u0131z ve gerekli belgeleri teslim etmeniz gerekmektedir. \u00dcyelik \u015fartlar\u0131 hakk\u0131nda detayl\u0131 bilgi almak i\u00e7in bizimle ileti\u015fime ge\u00e7ebilirsiniz.<\/p>\n<p>[\/vc_column_text]<\/div><div class=\"active  toggle-title et-clearfix\"><h5 class=\"toggle-title-tag\">Dernek \u00fcyeli\u011fi i\u00e7in herhangi bir \u00fccret \u00f6demem gerekiyor mu?<\/h5><span class=\"toggle-ind fa fa-plus\"><\/span><\/div> <div id=\"dernek-uyeligi-icin-herhangi-bir-ucret-odemem-gerekiyor-mu-2\" class=\"toggle-content et-clearfix\">[vc_column_text]<\/p>\n<p data-pm-slice=\"1 1 &#091;&#093;\">Evet, derne\u011fimize \u00fcye olmak i\u00e7in belirlenen y\u0131ll\u0131k aidat \u00f6denmesi gerekmektedir. G\u00fcncel aidat bilgileri ve \u00f6deme y\u00f6ntemleri hakk\u0131nda detayl\u0131 bilgiye dernek y\u00f6netimimizden ula\u015fabilirsiniz.<\/p>\n<p>[\/vc_column_text]<\/div><div class=\"active  toggle-title et-clearfix\"><h5 class=\"toggle-title-tag\">Dernek hangi alanlarda faaliyet g\u00f6stermektedir?<\/h5><span class=\"toggle-ind fa fa-plus\"><\/span><\/div> <div id=\"dernek-hangi-alanlarda-faaliyet-gostermektedir-3\" class=\"toggle-content et-clearfix\">[vc_column_text]<\/p>\n<p data-pm-slice=\"1 1 &#091;&#093;\">Beykozlu Rizeliler Derne\u011fi; k\u00fclt\u00fcrel etkinlikler, e\u011fitim destekleri, sosyal yard\u0131mla\u015fma projeleri, \u00e7evre ve do\u011fa koruma faaliyetleri, sa\u011fl\u0131k ve spor etkinlikleri gibi geni\u015f bir yelpazede \u00e7al\u0131\u015fmalar y\u00fcr\u00fctmektedir.<\/p>\n<p>[\/vc_column_text]<\/div><div class=\"active  toggle-title et-clearfix\"><h5 class=\"toggle-title-tag\">Sosyal yard\u0131m projelerinize nas\u0131l destek olabilirim?<\/h5><span class=\"toggle-ind fa fa-plus\"><\/span><\/div> <div id=\"sosyal-yardim-projelerinize-nasil-destek-olabilirim-4\" class=\"toggle-content et-clearfix\">[vc_column_text]<\/p>\n<p data-pm-slice=\"1 1 &#091;&#093;\">Sosyal yard\u0131m projelerimize ba\u011f\u0131\u015f yaparak, g\u00f6n\u00fcll\u00fc olarak projelerde yer alarak veya ihtiya\u00e7 sahiplerine ula\u015fmam\u0131z i\u00e7in destek vererek katk\u0131da bulunabilirsiniz. Yard\u0131m projelerimize destek olmak i\u00e7in bizimle ileti\u015fime ge\u00e7ebilirsiniz.<\/p>\n<p>[\/vc_column_text]<\/div><\/div><\/div>[\/vc_column][vc_column animation_delay=&#8221;150&#8243; css_animation=&#8221;right-to-left&#8221; over768_under_1024_padding_left=&#8221;15%&#8221; over768_under_1024_padding_right=&#8221;15%&#8221; offset=&#8221;vc_col-lg-6 vc_col-md-6 vc_col-xs-12&#8243; el_class=&#8221;text767-align-center&#8221;][vc_custom_heading text=&#8221;AVANTAJLAR&#8221; font_container=&#8221;tag:div|font_size:18px|text_align:center|color:%23ffffff|line_height:32px&#8221; google_fonts=&#8221;font_family:Montserrat%3Aregular%2C700|font_style:700%20bold%20regular%3A700%3Anormal&#8221; css=&#8221;.vc_custom_1740318903159{margin-left: 72px !important;padding-top: 8px !important;padding-right: 16px !important;padding-bottom: 8px !important;padding-left: 16px !important;background-color: #1f7e00 !important;}&#8221; el_class=&#8221;heading-display-inline-block&#8221;]<div class=\"gap et-clearfix \" style=\"height:48px\"><\/div><div class=\"et-content-box-wrapper\"><style>#et-content-box-2 .et-icon-wrap {border-radius:500px;}<\/style><div id=\"et-content-box-2\" class=\"et-content-box et-item-set et-clearfix hover-none small icon-position-left icon-alignment-left effect-type-sequential effect-none\" data-columns=\"1\"><div class=\"box-item-wrapper et-item et-box-item\"><style>#box-item-2 .et-icon-wrap {box-shadow:inset 0 0 0 4px #1f7e00;}#box-item-2 .et-icon-wrap > .et-icon {color:#1f7e00;}#box-item-2:hover .et-icon-wrap {box-shadow:inset 0 0 0 4px #212121;}#box-item-2:hover .et-icon-wrap > .et-icon {color:#212121;}<\/style><div id=\"box-item-2\"  class=\"box-item-inner et-item-inner\"><div class=\"box-item-content-wrapper et-clearfix\"><div class=\"et-icon-wrap full\"><span class=\"box-hover\" style=\"width:calc(100% - 8px);height:calc(100% - 8px);\" ><\/span><span class=\"glint\" style=\"background-color:#212121;\"><\/span><span class=\"et-icon fa fa-check\"><\/span><\/div><div class=\"clearfix\"><\/div><div class=\"box-item-content et-clearfix\">[vc_custom_heading text=&#8221;Derne\u011fin d\u00fczenledi\u011fi etkinlikler&#8221; font_container=&#8221;tag:h6|font_size:18px|text_align:left|color:%23212121|line_height:32px&#8221; use_theme_fonts=&#8221;yes&#8221; css=&#8221;.vc_custom_1740315612885{margin-bottom: 8px !important;}&#8221;][vc_custom_heading text=&#8221;Derne\u011fimiz taraf\u0131ndan d\u00fczenlenen etkinlikleri web sitemiz, sosyal medya hesaplar\u0131m\u0131z ve duyuru panolar\u0131m\u0131zdan takip edebilirsiniz.&#8221; font_container=&#8221;tag:p|font_size:18px|text_align:left|color:%23616161|line_height:32px&#8221; use_theme_fonts=&#8221;yes&#8221;]<\/div><\/div><\/div><\/div><div class=\"box-item-wrapper et-item et-box-item\"><style>#box-item-3 .et-icon-wrap {box-shadow:inset 0 0 0 4px #1f7e00;}#box-item-3 .et-icon-wrap > .et-icon {color:#1f7e00;}#box-item-3:hover .et-icon-wrap {box-shadow:inset 0 0 0 4px #212121;}#box-item-3:hover .et-icon-wrap > .et-icon {color:#212121;}<\/style><div id=\"box-item-3\"  class=\"box-item-inner et-item-inner\"><div class=\"box-item-content-wrapper et-clearfix\"><div class=\"et-icon-wrap full\"><span class=\"box-hover\" style=\"width:calc(100% - 8px);height:calc(100% - 8px);\" ><\/span><span class=\"glint\" style=\"background-color:#212121;\"><\/span><span class=\"et-icon fa fa-check\"><\/span><\/div><div class=\"clearfix\"><\/div><div class=\"box-item-content et-clearfix\">[vc_custom_heading text=&#8221;G\u00f6n\u00fcll\u00fc \u00e7al\u0131\u015fma ve kat\u0131l\u0131mlar&#8221; font_container=&#8221;tag:h6|font_size:18px|text_align:left|color:%23212121|line_height:32px&#8221; use_theme_fonts=&#8221;yes&#8221; css=&#8221;.vc_custom_1740315652989{margin-bottom: 8px !important;}&#8221;][vc_custom_heading text=&#8221;derne\u011fimizin \u00e7e\u015fitli projelerinde g\u00f6n\u00fcll\u00fc olarak yer alabilirsiniz. G\u00f6n\u00fcll\u00fc olmak isteyen ki\u015filer, dernek y\u00f6netimi ile ileti\u015fime ge\u00e7erek ilgilendikleri alanlarda katk\u0131 sunabilirler.&#8221; font_container=&#8221;tag:p|font_size:18px|text_align:left|color:%23616161|line_height:32px&#8221; use_theme_fonts=&#8221;yes&#8221;]<\/div><\/div><\/div><\/div><div class=\"box-item-wrapper et-item et-box-item\"><style>#box-item-4 .et-icon-wrap {box-shadow:inset 0 0 0 4px #1f7e00;}#box-item-4 .et-icon-wrap > .et-icon {color:#1f7e00;}#box-item-4:hover .et-icon-wrap {box-shadow:inset 0 0 0 4px #212121;}#box-item-4:hover .et-icon-wrap > .et-icon {color:#212121;}<\/style><div id=\"box-item-4\"  class=\"box-item-inner et-item-inner\"><div class=\"box-item-content-wrapper et-clearfix\"><div class=\"et-icon-wrap full\"><span class=\"box-hover\" style=\"width:calc(100% - 8px);height:calc(100% - 8px);\" ><\/span><span class=\"glint\" style=\"background-color:#212121;\"><\/span><span class=\"et-icon fa fa-check\"><\/span><\/div><div class=\"clearfix\"><\/div><div class=\"box-item-content et-clearfix\">[vc_custom_heading text=&#8221;Di\u011fer avantajlar&#8221; font_container=&#8221;tag:h6|font_size:18px|text_align:left|color:%23212121|line_height:32px&#8221; use_theme_fonts=&#8221;yes&#8221; css=&#8221;.vc_custom_1740315708522{margin-bottom: 8px !important;}&#8221;][vc_custom_heading text=&#8221;Dernek \u00fcyeleri, d\u00fczenlenen \u00f6zel etkinliklere ve organizasyonlara \u00f6ncelikli kat\u0131l\u0131m hakk\u0131 kazan\u0131r.<br \/>\nAyr\u0131ca \u00fcyelerimiz, dernek i\u00e7indeki sosyal ve ticari a\u011flardan yararlanarak g\u00fc\u00e7l\u00fc bir hem\u015fehri dayan\u0131\u015fmas\u0131n\u0131n par\u00e7as\u0131 olurlar.&#8221; font_container=&#8221;tag:p|font_size:18px|text_align:left|color:%23616161|line_height:32px&#8221; use_theme_fonts=&#8221;yes&#8221;]<\/div><\/div><\/div><\/div><\/div><\/div>[\/vc_column][\/vc_row][vc_section][vc_row gap=&#8221;0&#8243; css=&#8221;.vc_custom_1531831207588{padding-top: 96px !important;}&#8221;][vc_column animation_delay=&#8221;0&#8243; offset=&#8221;vc_col-lg-12 vc_col-md-12 vc_col-xs-12&#8243;]<h6 class=\"et-highlight-title \" style=\"font-size:12px;font-weight:700;line-height:24px;letter-spacing:0.5px;color:#9a9a9a;\" data-mobile-font=\"inherit\" data-tablet-font=\"inherit\"><span class=\"title-inner\">BEYKOZLU R\u0130ZEL\u0130LER DERNE\u011e\u0130<span class=\"highlight-line\" style=\"background-color:#1f7e00;\"><\/span><\/span><\/h6><h3 id=\"et-animated-title-3\" class=\"et-animated-title et-clearfix  words-direct\" data-mobile-font=\"32px\" data-tablet-font=\"inherit\" data-delay=\"100\" style=\"font-size:48px;font-weight:700;line-height:56px;color:#212121;\"><span class=\"text-wrapper\"><span class=\"text\">Haber &amp; Duyurular<\/span><\/span><\/h3>[\/vc_column][\/vc_row][vc_row gap=&#8221;0&#8243; css=&#8221;.vc_custom_1531832918890{padding-top: 56px !important;padding-bottom: 32px !important;}&#8221;][vc_column animation_delay=&#8221;150&#8243; css_animation=&#8221;fadeIn&#8221;][\/vc_column][\/vc_row][\/vc_section]<\/p>\n","protected":false},"excerpt":{"rendered":"<p>Leverage agile frameworks to provide a robust synopsis for high level overviews. Iterative approaches to corporate strategy foster collaborative thinking to further the overall value proposition. Organically grow the holistic world view of disruptive innovation via workplace diversity and empowerment.<\/p>\n","protected":false},"author":1,"featured_media":0,"parent":0,"menu_order":0,"comment_status":"closed","ping_status":"closed","template":"page-vc.php","meta":{"footnotes":""},"class_list":["post-3389","page","type-page","status-publish","hentry"],"_links":{"self":[{"href":"https:\/\/beykozlurizeliler.org\/index.php?rest_route=\/wp\/v2\/pages\/3389","targetHints":{"allow":["GET"]}}],"collection":[{"href":"https:\/\/beykozlurizeliler.org\/index.php?rest_route=\/wp\/v2\/pages"}],"about":[{"href":"https:\/\/beykozlurizeliler.org\/index.php?rest_route=\/wp\/v2\/types\/page"}],"author":[{"embeddable":true,"href":"https:\/\/beykozlurizeliler.org\/index.php?rest_route=\/wp\/v2\/users\/1"}],"replies":[{"embeddable":true,"href":"https:\/\/beykozlurizeliler.org\/index.php?rest_route=%2Fwp%2Fv2%2Fcomments&post=3389"}],"version-history":[{"count":28,"href":"https:\/\/beykozlurizeliler.org\/index.php?rest_route=\/wp\/v2\/pages\/3389\/revisions"}],"predecessor-version":[{"id":14101,"href":"https:\/\/beykozlurizeliler.org\/index.php?rest_route=\/wp\/v2\/pages\/3389\/revisions\/14101"}],"wp:attachment":[{"href":"https:\/\/beykozlurizeliler.org\/index.php?rest_route=%2Fwp%2Fv2%2Fmedia&parent=3389"}],"curies":[{"name":"wp","href":"https:\/\/api.w.org\/{rel}","templated":true}]}}